{"id":2870,"date":"2018-03-27T12:48:32","date_gmt":"2018-03-27T10:48:32","guid":{"rendered":"https:\/\/www.ampstukk.ee\/where-to-find-2\/"},"modified":"2024-05-10T09:57:43","modified_gmt":"2024-05-10T07:57:43","slug":"kust-e-mail","status":"publish","type":"page","link":"https:\/\/www.ampstukk.ee\/en\/kust-e-mail\/","title":{"rendered":"Where to buy?"},"content":{"rendered":"<div class=\"fusion-fullwidth fullwidth-box fusion-builder-row-1 fusion-flex-container nonhundred-percent-fullwidth non-hundred-percent-height-scrolling\" style=\"--awb-border-radius-top-left:0px;--awb-border-radius-top-right:0px;--awb-border-radius-bottom-right:0px;--awb-border-radius-bottom-left:0px;--awb-flex-wrap:wrap;\" ><div class=\"fusion-builder-row fusion-row fusion-flex-align-items-flex-start fusion-flex-content-wrap\" style=\"max-width:calc( 1100px + 0px );margin-left: calc(-0px \/ 2 );margin-right: calc(-0px \/ 2 );\"><div class=\"fusion-layout-column fusion_builder_column fusion-builder-column-0 fusion_builder_column_1_1 1_1 fusion-flex-column\" style=\"--awb-bg-size:cover;--awb-width-large:100%;--awb-margin-top-large:0px;--awb-spacing-right-large:0px;--awb-margin-bottom-large:0px;--awb-spacing-left-large:0px;--awb-width-medium:100%;--awb-spacing-right-medium:0px;--awb-spacing-left-medium:0px;--awb-width-small:100%;--awb-spacing-right-small:0px;--awb-spacing-left-small:0px;\"><div class=\"fusion-column-wrapper fusion-flex-justify-content-flex-start fusion-content-layout-column\"><iframe src=\"https:\/\/www.google.com\/maps\/d\/embed?mid=1f-TzbdlXKupGP_iWNPTiqpFUkko\" width=\"1100\" height=\"480\"><\/iframe><div class=\"fusion-text fusion-text-1\"><h2 style=\"text-align: center;\"><strong>TALLINN, HARJUMAA<\/strong><strong>, TARTU, P\u00c4RNU, RAKVERE, VILJANDI<\/strong><\/h2>\n<p style=\"text-align: center;\"><a href=\"http:\/\/www.rimi.ee\"><img decoding=\"async\" class=\"alignnone size-full wp-image-545\" src=\"http:\/\/www.ampstukk.ee\/wp-content\/uploads\/Rimi-e1487321742216.png\" alt=\"\" width=\"125\" height=\"50\"\/><\/a><a href=\"https:\/\/www.rimi.ee\/talu-toidab\"><img decoding=\"async\" class=\"alignnone wp-image-106 size-full\" src=\"http:\/\/www.ampstukk.ee\/wp-content\/uploads\/RIMI_Banner_555x150_trykki-e1487322083315.jpg\" alt=\"\" width=\"185\" height=\"50\"\/><\/a><br \/>\n<strong>Rimi hyper in Tallinn<\/strong>: Haabersti, Lasnam\u00e4e Centrum, Mustam\u00e4e centre,<br \/>\nS\u00f5pruse, Magistrali, Nautica, Laagri, Peterburi tee, \u00dclemiste, Pae, Viimsi<br \/>\nRebase and L\u00f5unakeskus in <strong>Tartu<\/strong><br \/>\n<strong>P\u00e4rnu<\/strong> Kaubamajakas<br \/>\n<strong>In Rakvere<br \/>\n<\/strong><br \/>\n<strong>Rimi super in Tallinn<\/strong>: Hiiu, P\u00f5hja, Kaubahalli, Postimaja,<br \/>\nTabasalu, M\u00e4nniku, Telliskivi, Pirita, P\u00e4rnam\u00e4e, Tondi<br \/>\n<strong>Tartu<\/strong> Tasku<br \/>\n<strong>Haapsalu<br \/>\nSaaremaa<\/strong> Kuressaare<\/p>\n<p style=\"text-align: center;\"><strong>Rimi mini\/express outlets in Tallinn<\/strong>: Tatar, Juhkental, Vanalinna.<\/p>\n<p style=\"text-align: center;\"><a href=\"http:\/\/www.selver.ee\"><img decoding=\"async\" class=\"alignnone size-full wp-image-167\" src=\"http:\/\/ampstukk.ee\/wp-content\/uploads\/Selver-logo.jpg\" alt=\"Selver logo\" width=\"120\" height=\"57\"\/><br \/>\n<\/a><strong>In Tallinn and Harju County<\/strong>: Arsenal, Baltic Station, J\u00e4rve, Kadaka, Kakum\u00e4e,<br \/>\nKeila, Kolde, Marienthali, Mustakivi, Peetri, Pirita, Tondi, Torupilli, Viimsi<br \/>\n<strong>In Tartu: <\/strong>Anne, Ringtee, S\u00f5bra, Veeriku<br \/>\n<strong>P\u00e4rnu:<\/strong> Suurej\u00f5e, \u00dclej\u00f5e<br \/>\n<strong>Rakvere:<\/strong> Krooni Selver<\/p>\n<p><a href=\"https:\/\/www.coop.ee\/\"><img decoding=\"async\" class=\"aligncenter wp-image-18761\" src=\"https:\/\/www.ampstukk.ee\/wp-content\/uploads\/coop.jpg\" alt=\"\" width=\"157\" height=\"56\" srcset=\"https:\/\/www.ampstukk.ee\/wp-content\/uploads\/coop-200x71.jpg 200w, https:\/\/www.ampstukk.ee\/wp-content\/uploads\/coop-300x107.jpg 300w, https:\/\/www.ampstukk.ee\/wp-content\/uploads\/coop-400x143.jpg 400w, https:\/\/www.ampstukk.ee\/wp-content\/uploads\/coop-500x179.jpg 500w, https:\/\/www.ampstukk.ee\/wp-content\/uploads\/coop.jpg 512w\" sizes=\"(max-width: 157px) 100vw, 157px\" \/><\/a><\/p>\n<p style=\"text-align: center;\"><strong>Maksimarkets<\/strong> <strong>in Tallinn:<\/strong> Laagri, Lasnam\u00e4e<br \/>\n<strong>In Tartu:<\/strong> L\u00f5unakeskus<br \/>\n<strong>P\u00e4rnu<\/strong><br \/>\n<strong>Rakvere <\/strong>Vaala Centre<br \/>\n<strong>Viljandi<br \/>\nPaide<\/strong><\/p>\n<p style=\"text-align: center;\"><strong>Consumption in Harjumaa<\/strong>: J\u00fcri, Raudalu<\/p>\n<p style=\"text-align: center;\"><a href=\"http:\/\/www.kaubamaja.ee\/gurmee\"><img decoding=\"async\" class=\"alignnone size-full wp-image-564\" src=\"http:\/\/www.ampstukk.ee\/wp-content\/uploads\/kaubamaja-e1487328694553.png\" alt=\"\" width=\"166\" height=\"50\"\/><br \/>\n<\/a><strong>Tallinn<\/strong> Food World<br \/>\n<strong>Tartu<\/strong> Food World<\/p>\n<p style=\"text-align: center;\"><a href=\"https:\/\/www.solaris.ee\/shopping\/kodujagurmee\/solaris-toidupood\/\"><img decoding=\"async\" class=\"alignnone size-full wp-image-575\" src=\"http:\/\/www.ampstukk.ee\/wp-content\/uploads\/delice-1.png\" alt=\"\" width=\"205\" height=\"47\"\/><\/a><\/p>\n<p style=\"text-align: center;\"><a href=\"http:\/\/www.delice.ee\"><img decoding=\"async\" class=\"alignnone size-full wp-image-573\" src=\"http:\/\/www.ampstukk.ee\/wp-content\/uploads\/delice-e1487333066797.png\" alt=\"\" width=\"203\" height=\"50\"\/><\/a><br \/>\nViimsi Centre, <strong>P\u00e4rnu<\/strong> Centre<a href=\"http:\/\/www.biomarket.ee\"><br \/>\n<img decoding=\"async\" class=\"aligncenter wp-image-18764 \" src=\"https:\/\/www.ampstukk.ee\/wp-content\/uploads\/biomarket-1-300x150.png\" alt=\"\" width=\"164\" height=\"82\" srcset=\"https:\/\/www.ampstukk.ee\/wp-content\/uploads\/biomarket-1-200x100.png 200w, https:\/\/www.ampstukk.ee\/wp-content\/uploads\/biomarket-1.png 300w\" sizes=\"(max-width: 164px) 100vw, 164px\" \/><\/a><strong>In Tallinn and Harju County:<\/strong> Balti jaama market, Kaubamaja, Mustam\u00e4e centre,<br \/>\nRocca al Mare Centre, Solaris Centre, \u00dclemiste Centre, Viimsi Centre<br \/>\n<strong>Tartu<\/strong> City Centre<br \/>\n<strong>P\u00e4rnu<\/strong> Port Artur I centre<\/p>\n<p style=\"text-align: center;\"><a href=\"http:\/\/www.coffeein.eu\/\"><img decoding=\"async\" class=\"alignnone wp-image-569 size-full\" src=\"http:\/\/www.ampstukk.ee\/wp-content\/uploads\/coffeein-e1487331670516.png\" width=\"136\" height=\"50\"\/><\/a><br \/>\n<strong>In Tallinn:<\/strong> J\u00e4rve Centre, Lasnam\u00e4e Centrum, Mustika Centre, Postimaja, T1 Mall of Tallinn,<br \/>\nViimsi Centre, Viru Centre (bus terminal, Entrance on 1st floor, 2nd Floor Lounge)<br \/>\n<strong>In Tartu<\/strong>: Tartu Keskus, L\u00f5unakeskus, Kaubamaja, Eeden Centre.<\/p>\n<p style=\"text-align: center;\"><a href=\"http:\/\/www.blenderjuice.ee\/\"><img decoding=\"async\" class=\"alignnone size-full wp-image-584\" src=\"http:\/\/www.ampstukk.ee\/wp-content\/uploads\/blender-e1487338252489.png\" alt=\"\" width=\"92\" height=\"70\"\/><\/a><br \/>\nKristiine Centre, Mustam\u00e4e Centre, Rocca al Mare Centre, Solaris Centre, \u00dclemiste Centre<\/p>\n<p style=\"text-align: center;\"><a href=\"http:\/\/www.sahver.ee\"><img decoding=\"async\" class=\"alignnone size-full wp-image-582\" src=\"http:\/\/www.ampstukk.ee\/wp-content\/uploads\/kosahver-1-e1487337378612.png\" alt=\"\" width=\"104\" height=\"60\"\/><\/a><\/p>\n<p style=\"text-align: center;\"><a href=\"http:\/\/www.taluturg.ee\"><img decoding=\"async\" class=\"alignnone wp-image-127\" src=\"http:\/\/ampstukk.ee\/wp-content\/uploads\/taluturg.png\" alt=\"farmers' market\" width=\"174\" height=\"50\" srcset=\"https:\/\/www.ampstukk.ee\/wp-content\/uploads\/taluturg-200x58.png 200w, https:\/\/www.ampstukk.ee\/wp-content\/uploads\/taluturg.png 250w\" sizes=\"(max-width: 174px) 100vw, 174px\" \/><\/a><\/p>\n<p style=\"text-align: center;\"><span style=\"text-align: center;\">Tallinn V\u00e4ike-J\u00e4rve, Tartu L\u00f5unakeskus, P\u00e4rnu Keskus<\/span><\/p>\n<p style=\"text-align: center;\"><a href=\"http:\/\/www.mahemarket.ee\"><img decoding=\"async\" class=\"alignnone size-full wp-image-580\" src=\"http:\/\/www.ampstukk.ee\/wp-content\/uploads\/mahemarket-e1487337085991.png\" alt=\"\" width=\"112\" height=\"60\"\/><\/a><\/p>\n<p style=\"text-align: center;\"><span style=\"text-align: center;\"><a href=\"http:\/\/www.keilaty.ee\/kauplused\/roomu-kaubamaja\"><img decoding=\"async\" class=\"alignnone wp-image-18766 size-full\" src=\"https:\/\/www.ampstukk.ee\/wp-content\/uploads\/logo-keilaty.png\" alt=\"\" width=\"150\" height=\"70\"\/><\/a><br \/>\nJoy of Shopping<\/span><\/p>\n<p style=\"text-align: center;\"><a href=\"https:\/\/www.revalcafe.ee\/\"><img decoding=\"async\" class=\"alignnone wp-image-1036\" src=\"http:\/\/www.ampstukk.ee\/wp-content\/uploads\/reval-cafe__logo_500_o-120x120.png\" alt=\"\" width=\"70\" height=\"70\"\/><\/a><br \/>\nReval Cafe Deli Solarise Centre<br \/>\n<a href=\"https:\/\/www.facebook.com\/heaeestiasi\/\"><img decoding=\"async\" class=\"alignnone wp-image-18784\" src=\"https:\/\/www.ampstukk.ee\/wp-content\/uploads\/ha%CC%88a%CC%88.jpg\" alt=\"\" width=\"115\" height=\"115\"\/><\/a><br \/>\nTallinn Airport shop<\/p>\n<p style=\"text-align: center;\" data-wp-editing=\"1\"><strong>TARTU<br \/>\n<a href=\"https:\/\/valete.ee\/\"><img decoding=\"async\" class=\"alignnone wp-image-18776\" src=\"https:\/\/www.ampstukk.ee\/wp-content\/uploads\/Valete_logo_250x91.png\" alt=\"\" width=\"160\" height=\"58\" srcset=\"https:\/\/www.ampstukk.ee\/wp-content\/uploads\/Valete_logo_250x91-200x73.png 200w, https:\/\/www.ampstukk.ee\/wp-content\/uploads\/Valete_logo_250x91.png 250w\" sizes=\"(max-width: 160px) 100vw, 160px\" \/><\/a><br \/>\n <a href=\"https:\/\/www.facebook.com\/gaudeamuskohvik\/\"><img decoding=\"async\" class=\"alignnone wp-image-18781\" src=\"https:\/\/www.ampstukk.ee\/wp-content\/uploads\/gaudeamus-300x300.jpg\" alt=\"\" width=\"85\" height=\"85\" srcset=\"https:\/\/www.ampstukk.ee\/wp-content\/uploads\/gaudeamus-66x66.jpg 66w, https:\/\/www.ampstukk.ee\/wp-content\/uploads\/gaudeamus-100x100.jpg 100w, https:\/\/www.ampstukk.ee\/wp-content\/uploads\/gaudeamus-150x150.jpg 150w, https:\/\/www.ampstukk.ee\/wp-content\/uploads\/gaudeamus-200x200.jpg 200w, https:\/\/www.ampstukk.ee\/wp-content\/uploads\/gaudeamus-300x300.jpg 300w, https:\/\/www.ampstukk.ee\/wp-content\/uploads\/gaudeamus-400x400.jpg 400w, https:\/\/www.ampstukk.ee\/wp-content\/uploads\/gaudeamus-500x500.jpg 500w, https:\/\/www.ampstukk.ee\/wp-content\/uploads\/gaudeamus-600x600.jpg 600w, https:\/\/www.ampstukk.ee\/wp-content\/uploads\/gaudeamus-700x700.jpg 700w, https:\/\/www.ampstukk.ee\/wp-content\/uploads\/gaudeamus-768x768.jpg 768w, https:\/\/www.ampstukk.ee\/wp-content\/uploads\/gaudeamus.jpg 781w\" sizes=\"(max-width: 85px) 100vw, 85px\" \/><\/a><br \/>\n <a href=\"https:\/\/www.tartuloodusmaja.ee\/\"><img decoding=\"async\" class=\"alignnone wp-image-18787\" src=\"https:\/\/www.ampstukk.ee\/wp-content\/uploads\/loodusmaja.png\" alt=\"\" width=\"96\" height=\"96\" srcset=\"https:\/\/www.ampstukk.ee\/wp-content\/uploads\/loodusmaja-66x66.png 66w, https:\/\/www.ampstukk.ee\/wp-content\/uploads\/loodusmaja-100x100.png 100w, https:\/\/www.ampstukk.ee\/wp-content\/uploads\/loodusmaja-150x150.png 150w, https:\/\/www.ampstukk.ee\/wp-content\/uploads\/loodusmaja-200x200.png 200w, https:\/\/www.ampstukk.ee\/wp-content\/uploads\/loodusmaja.png 225w\" sizes=\"(max-width: 96px) 100vw, 96px\" \/><\/a><br \/>\n Tartu Nature House<\/strong><\/p>\n<h2 style=\"text-align: center;\"><strong><br \/>\nVILJANDI<br \/>\n<\/strong><\/h2>\n<p style=\"text-align: center;\"><a href=\"https:\/\/www.facebook.com\/Rohelise-Maja-Pood-ja-Kohvik-183633748351582\/\" target=\"_blank\" rel=\"noopener noreferrer\">Green House Shop and Caf\u00e9<\/a><br \/>\n<a href=\"https:\/\/www.facebook.com\/Talutoidu-Ait-640360446157172\/\" target=\"_blank\" rel=\"noopener noreferrer\"><img decoding=\"async\" class=\"alignnone wp-image-18773\" src=\"https:\/\/www.ampstukk.ee\/wp-content\/uploads\/talutoitviljandi-300x114.png\" alt=\"\" width=\"174\" height=\"66\" srcset=\"https:\/\/www.ampstukk.ee\/wp-content\/uploads\/talutoitviljandi-200x76.png 200w, https:\/\/www.ampstukk.ee\/wp-content\/uploads\/talutoitviljandi-300x114.png 300w, https:\/\/www.ampstukk.ee\/wp-content\/uploads\/talutoitviljandi-400x151.png 400w, https:\/\/www.ampstukk.ee\/wp-content\/uploads\/talutoitviljandi-500x189.png 500w, https:\/\/www.ampstukk.ee\/wp-content\/uploads\/talutoitviljandi.png 518w\" sizes=\"(max-width: 174px) 100vw, 174px\" \/><\/a><\/p>\n<h2 style=\"text-align: center;\"><strong>KURESSAARE<br \/>\n<\/strong><a href=\"http:\/\/www.saartesahver.ee\"><img decoding=\"async\" class=\"alignnone wp-image-121\" src=\"http:\/\/ampstukk.ee\/wp-content\/uploads\/saartesahver-300x163.jpg\" alt=\"island sahver\" width=\"110\" height=\"60\" srcset=\"https:\/\/www.ampstukk.ee\/wp-content\/uploads\/saartesahver-200x109.jpg 200w, https:\/\/www.ampstukk.ee\/wp-content\/uploads\/saartesahver-300x163.jpg 300w, https:\/\/www.ampstukk.ee\/wp-content\/uploads\/saartesahver-400x218.jpg 400w, https:\/\/www.ampstukk.ee\/wp-content\/uploads\/saartesahver-500x272.jpg 500w, https:\/\/www.ampstukk.ee\/wp-content\/uploads\/saartesahver-600x326.jpg 600w, https:\/\/www.ampstukk.ee\/wp-content\/uploads\/saartesahver-700x381.jpg 700w, https:\/\/www.ampstukk.ee\/wp-content\/uploads\/saartesahver-768x418.jpg 768w, https:\/\/www.ampstukk.ee\/wp-content\/uploads\/saartesahver-800x435.jpg 800w, https:\/\/www.ampstukk.ee\/wp-content\/uploads\/saartesahver.jpg 822w\" sizes=\"(max-width: 110px) 100vw, 110px\" \/><\/a><\/h2>\n<h2 style=\"text-align: center;\"><strong>J\u00d5HVI<\/strong><\/h2>\n<h2 style=\"text-align: center;\"><a href=\"https:\/\/www.facebook.com\/Promenaadi-Talupood-500156793413184\/\"><img decoding=\"async\" class=\"alignnone wp-image-555 size-full\" src=\"http:\/\/www.ampstukk.ee\/wp-content\/uploads\/promenaadi-e1487327078375.png\" width=\"80\" height=\"80\"\/><\/a><\/h2>\n<p style=\"text-align: center;\">Georgi shop in V\u00e4ike-Maarja<br \/>\nLeesi shop in Harjumaa<\/p>\n<\/div><\/div><\/div><\/div><\/div>\n","protected":false},"excerpt":{"rendered":"","protected":false},"author":3,"featured_media":0,"parent":0,"menu_order":0,"comment_status":"closed","ping_status":"closed","template":"","meta":{"footnotes":""},"class_list":["post-2870","page","type-page","status-publish","hentry"],"_links":{"self":[{"href":"https:\/\/www.ampstukk.ee\/en\/wp-json\/wp\/v2\/pages\/2870","targetHints":{"allow":["GET"]}}],"collection":[{"href":"https:\/\/www.ampstukk.ee\/en\/wp-json\/wp\/v2\/pages"}],"about":[{"href":"https:\/\/www.ampstukk.ee\/en\/wp-json\/wp\/v2\/types\/page"}],"author":[{"embeddable":true,"href":"https:\/\/www.ampstukk.ee\/en\/wp-json\/wp\/v2\/users\/3"}],"replies":[{"embeddable":true,"href":"https:\/\/www.ampstukk.ee\/en\/wp-json\/wp\/v2\/comments?post=2870"}],"version-history":[{"count":0,"href":"https:\/\/www.ampstukk.ee\/en\/wp-json\/wp\/v2\/pages\/2870\/revisions"}],"wp:attachment":[{"href":"https:\/\/www.ampstukk.ee\/en\/wp-json\/wp\/v2\/media?parent=2870"}],"curies":[{"name":"wp","href":"https:\/\/api.w.org\/{rel}","templated":true}]}}